{"id":2,"date":"2024-10-09T11:09:29","date_gmt":"2024-10-09T11:09:29","guid":{"rendered":"https:\/\/jatorymas.rkinformatika.online\/?page_id=2"},"modified":"2025-01-21T12:13:40","modified_gmt":"2025-01-21T12:13:40","slug":"inicio","status":"publish","type":"page","link":"https:\/\/destinohogar.es\/eu\/","title":{"rendered":"Hasiera"},"content":{"rendered":"\t\t<div data-elementor-type=\"wp-page\" data-elementor-id=\"2\" class=\"elementor elementor-2\" data-elementor-post-type=\"page\">\n\t\t\t\t\t\t<section class=\"elementor-section elementor-top-section elementor-element elementor-element-5f6402af elementor-section-stretched elementor-section-boxed elementor-section-height-default elementor-section-height-default elementor-invisible\" data-id=\"5f6402af\" data-element_type=\"section\" data-e-type=\"section\" data-settings=\"{&quot;stretch_section&quot;:&quot;section-stretched&quot;,&quot;background_background&quot;:&quot;slideshow&quot;,&quot;background_slideshow_gallery&quot;:[{&quot;id&quot;:1717,&quot;url&quot;:&quot;https:\\\/\\\/destinohogar.es\\\/wp-content\\\/uploads\\\/2025\\\/01\\\/WhatsApp-Image-2025-01-17-at-18.03.22.jpeg&quot;},{&quot;id&quot;:1465,&quot;url&quot;:&quot;https:\\\/\\\/destinohogar.es\\\/wp-content\\\/uploads\\\/2024\\\/10\\\/IMG_9954-Rosa-Destinohogar.jpeg&quot;},{&quot;id&quot;:1466,&quot;url&quot;:&quot;https:\\\/\\\/destinohogar.es\\\/wp-content\\\/uploads\\\/2024\\\/10\\\/IMG_9956-Rosa-Destinohogar.jpeg&quot;},{&quot;id&quot;:1467,&quot;url&quot;:&quot;https:\\\/\\\/destinohogar.es\\\/wp-content\\\/uploads\\\/2024\\\/10\\\/IMG_9960-Rosa-Destinohogar.jpeg&quot;}],&quot;background_slideshow_lazyload&quot;:&quot;yes&quot;,&quot;background_slideshow_ken_burns&quot;:&quot;yes&quot;,&quot;animation&quot;:&quot;fadeIn&quot;,&quot;background_slideshow_loop&quot;:&quot;yes&quot;,&quot;background_slideshow_slide_duration&quot;:5000,&quot;background_slideshow_slide_transition&quot;:&quot;fade&quot;,&quot;background_slideshow_transition_duration&quot;:500,&quot;background_slideshow_ken_burns_zoom_direction&quot;:&quot;in&quot;}\">\n\t\t\t\t\t\t\t<div class=\"elementor-background-overlay\"><\/div>\n\t\t\t\t\t\t\t<div class=\"elementor-container elementor-column-gap-default\">\n\t\t\t\t\t<div class=\"elementor-column elementor-col-50 elementor-top-column elementor-element elementor-element-4595f451\" data-id=\"4595f451\" data-element_type=\"column\" data-e-type=\"column\">\n\t\t\t<div class=\"elementor-widget-wrap elementor-element-populated\">\n\t\t\t\t\t\t<div class=\"elementor-element elementor-element-2dd4b01 elementor-invisible elementor-widget elementor-widget-heading\" data-id=\"2dd4b01\" data-element_type=\"widget\" data-e-type=\"widget\" data-settings=\"{&quot;_animation&quot;:&quot;fadeInLeft&quot;}\" data-widget_type=\"heading.default\">\n\t\t\t\t<div class=\"elementor-widget-container\">\n\t\t\t\t\t<h1 class=\"elementor-heading-title elementor-size-default\">Bienvenidas a Destino Hogar<\/h1>\t\t\t\t<\/div>\n\t\t\t\t<\/div>\n\t\t\t\t<div class=\"elementor-element elementor-element-490f61e elementor-invisible elementor-widget elementor-widget-text-editor\" data-id=\"490f61e\" data-element_type=\"widget\" data-e-type=\"widget\" data-settings=\"{&quot;_animation&quot;:&quot;fadeInRight&quot;}\" data-widget_type=\"text-editor.default\">\n\t\t\t\t<div class=\"elementor-widget-container\">\n\t\t\t\t\t\t\t\t\t<p><strong>La<\/strong> <strong>decoraci\u00f3n textil de tu hogar<\/strong><\/p>\t\t\t\t\t\t\t\t<\/div>\n\t\t\t\t<\/div>\n\t\t\t\t\t<\/div>\n\t\t<\/div>\n\t\t\t\t<div class=\"elementor-column elementor-col-50 elementor-top-column elementor-element elementor-element-63f1136\" data-id=\"63f1136\" data-element_type=\"column\" data-e-type=\"column\">\n\t\t\t<div class=\"elementor-widget-wrap elementor-element-populated\">\n\t\t\t\t\t\t<section class=\"elementor-section elementor-inner-section elementor-element elementor-element-102fadb elementor-section-boxed elementor-section-height-default elementor-section-height-default\" data-id=\"102fadb\" data-element_type=\"section\" data-e-type=\"section\">\n\t\t\t\t\t\t<div class=\"elementor-container elementor-column-gap-no\">\n\t\t\t\t\t<div class=\"elementor-column elementor-col-50 elementor-inner-column elementor-element elementor-element-c6e9896\" data-id=\"c6e9896\" data-element_type=\"column\" data-e-type=\"column\">\n\t\t\t<div class=\"elementor-widget-wrap\">\n\t\t\t\t\t\t\t<\/div>\n\t\t<\/div>\n\t\t\t\t<div class=\"elementor-column elementor-col-50 elementor-inner-column elementor-element elementor-element-563e573\" data-id=\"563e573\" data-element_type=\"column\" data-e-type=\"column\">\n\t\t\t<div class=\"elementor-widget-wrap\">\n\t\t\t\t\t\t\t<\/div>\n\t\t<\/div>\n\t\t\t\t\t<\/div>\n\t\t<\/section>\n\t\t\t\t\t<\/div>\n\t\t<\/div>\n\t\t\t\t\t<\/div>\n\t\t<\/section>\n\t\t\t\t<section class=\"elementor-section elementor-top-section elementor-element elementor-element-3587dbf9 elementor-section-stretched elementor-section-boxed elementor-section-height-default elementor-section-height-default\" data-id=\"3587dbf9\" data-element_type=\"section\" data-e-type=\"section\" data-settings=\"{&quot;stretch_section&quot;:&quot;section-stretched&quot;}\">\n\t\t\t\t\t\t\t<div class=\"elementor-background-overlay\"><\/div>\n\t\t\t\t\t\t\t<div class=\"elementor-container elementor-column-gap-default\">\n\t\t\t\t\t<div class=\"elementor-column elementor-col-100 elementor-top-column elementor-element elementor-element-b338755\" data-id=\"b338755\" data-element_type=\"column\" data-e-type=\"column\">\n\t\t\t<div class=\"elementor-widget-wrap elementor-element-populated\">\n\t\t\t\t\t\t<div class=\"elementor-element elementor-element-9ba7c01 elementor-position-left elementor-vertical-align-middle elementor-vertical-align-top elementor-widget elementor-widget-image-box\" data-id=\"9ba7c01\" data-element_type=\"widget\" data-e-type=\"widget\" data-widget_type=\"image-box.default\">\n\t\t\t\t<div class=\"elementor-widget-container\">\n\t\t\t\t\t<div class=\"elementor-image-box-wrapper\"><figure class=\"elementor-image-box-img\"><img fetchpriority=\"high\" decoding=\"async\" width=\"1284\" height=\"884\" src=\"https:\/\/destinohogar.es\/wp-content\/uploads\/2024\/12\/IMG_0054-Rosa-Destinohogar.jpeg\" class=\"attachment-full size-full wp-image-1632\" alt=\"\" srcset=\"https:\/\/destinohogar.es\/wp-content\/uploads\/2024\/12\/IMG_0054-Rosa-Destinohogar.jpeg 1284w, https:\/\/destinohogar.es\/wp-content\/uploads\/2024\/12\/IMG_0054-Rosa-Destinohogar-300x207.jpeg 300w, https:\/\/destinohogar.es\/wp-content\/uploads\/2024\/12\/IMG_0054-Rosa-Destinohogar-1024x705.jpeg 1024w, https:\/\/destinohogar.es\/wp-content\/uploads\/2024\/12\/IMG_0054-Rosa-Destinohogar-768x529.jpeg 768w, https:\/\/destinohogar.es\/wp-content\/uploads\/2024\/12\/IMG_0054-Rosa-Destinohogar-18x12.jpeg 18w\" sizes=\"(max-width: 1284px) 100vw, 1284px\" \/><\/figure><div class=\"elementor-image-box-content\"><h3 class=\"elementor-image-box-title\">Historia<\/h3><p class=\"elementor-image-box-description\">Rosa Mar\u00eda, la artesana de hogares felices.\nDesde ni\u00f1a, Rosa Mar\u00eda sinti\u00f3 una profunda conexi\u00f3n con la decoraci\u00f3n y el bienestar del hogar. Su pasi\u00f3n por crear espacios acogedores y llenos de armon\u00eda la llev\u00f3 a explorar el mundo del comercio, siguiendo los pasos de su madre que para ella fue su maestra.<br><br>\nCon una sensibilidad innata para entender las necesidades de sus clientes, Rosa Mar\u00eda se destaca por ofrecer un trato personalizado y cercano. Su objetivo es guiar a cada persona en la creaci\u00f3n de un hogar que refleje su estilo y les brinde paz interior.<br><br>\nCon a\u00f1os de experiencia y una herencia familiar dedicada al comercio, Rosa Mar\u00eda ha convertido su pasi\u00f3n en una profesi\u00f3n. Su tienda es m\u00e1s que un simple negocio, es un espacio donde los sue\u00f1os de crear hogares llenos de encanto se hacen realidad.\n\n<\/p><\/div><\/div>\t\t\t\t<\/div>\n\t\t\t\t<\/div>\n\t\t\t\t\t<\/div>\n\t\t<\/div>\n\t\t\t\t\t<\/div>\n\t\t<\/section>\n\t\t\t\t<section class=\"elementor-section elementor-top-section elementor-element elementor-element-e6d4534 elementor-section-stretched elementor-section-boxed elementor-section-height-default elementor-section-height-default\" data-id=\"e6d4534\" data-element_type=\"section\" data-e-type=\"section\" data-settings=\"{&quot;stretch_section&quot;:&quot;section-stretched&quot;}\">\n\t\t\t\t\t\t\t<div class=\"elementor-background-overlay\"><\/div>\n\t\t\t\t\t\t\t<div class=\"elementor-container elementor-column-gap-default\">\n\t\t\t\t\t<div class=\"elementor-column elementor-col-100 elementor-top-column elementor-element elementor-element-8562531\" data-id=\"8562531\" data-element_type=\"column\" data-e-type=\"column\">\n\t\t\t<div class=\"elementor-widget-wrap elementor-element-populated\">\n\t\t\t\t\t\t<div class=\"elementor-element elementor-element-931e65e elementor-position-left elementor-vertical-align-middle elementor-vertical-align-top elementor-widget elementor-widget-image-box\" data-id=\"931e65e\" data-element_type=\"widget\" data-e-type=\"widget\" data-widget_type=\"image-box.default\">\n\t\t\t\t<div class=\"elementor-widget-container\">\n\t\t\t\t\t<div class=\"elementor-image-box-wrapper\"><figure class=\"elementor-image-box-img\"><img decoding=\"async\" width=\"1284\" height=\"850\" src=\"https:\/\/destinohogar.es\/wp-content\/uploads\/2024\/12\/IMG_0055-Rosa-Destinohogar.jpeg\" class=\"attachment-full size-full wp-image-1633\" alt=\"\" srcset=\"https:\/\/destinohogar.es\/wp-content\/uploads\/2024\/12\/IMG_0055-Rosa-Destinohogar.jpeg 1284w, https:\/\/destinohogar.es\/wp-content\/uploads\/2024\/12\/IMG_0055-Rosa-Destinohogar-300x199.jpeg 300w, https:\/\/destinohogar.es\/wp-content\/uploads\/2024\/12\/IMG_0055-Rosa-Destinohogar-1024x678.jpeg 1024w, https:\/\/destinohogar.es\/wp-content\/uploads\/2024\/12\/IMG_0055-Rosa-Destinohogar-768x508.jpeg 768w, https:\/\/destinohogar.es\/wp-content\/uploads\/2024\/12\/IMG_0055-Rosa-Destinohogar-18x12.jpeg 18w\" sizes=\"(max-width: 1284px) 100vw, 1284px\" \/><\/figure><div class=\"elementor-image-box-content\"><h3 class=\"elementor-image-box-title\">Comercio de ropa de hogar con alta experiencia en el sector<\/h3><p class=\"elementor-image-box-description\">\nPrecios directos de f\u00e1brica en todos los articulos. Protecci\u00f3n de colch\u00f3n, mantas, s\u00e1banas, rellenos y fundas n\u00f3rdicas, toallas, albornoces, alfombras y cortinas de ba\u00f1o, art\u00edculos para beb\u00e9s y cunas, etc.... Le asesoramos en todo lo relacionado con la decoraci\u00f3n textil de su hogar. <br><br>Excelente trato personalizado. Un placer poder atenderles.<\/p><\/div><\/div>\t\t\t\t<\/div>\n\t\t\t\t<\/div>\n\t\t\t\t\t<\/div>\n\t\t<\/div>\n\t\t\t\t\t<\/div>\n\t\t<\/section>\n\t\t\t\t<section class=\"elementor-section elementor-top-section elementor-element elementor-element-138d7d2e elementor-section-content-middle elementor-section-boxed elementor-section-height-default elementor-section-height-default\" data-id=\"138d7d2e\" data-element_type=\"section\" data-e-type=\"section\" data-settings=\"{&quot;background_background&quot;:&quot;classic&quot;}\">\n\t\t\t\t\t\t\t<div class=\"elementor-background-overlay\"><\/div>\n\t\t\t\t\t\t\t<div class=\"elementor-container elementor-column-gap-no\">\n\t\t\t\t\t<div class=\"elementor-column elementor-col-100 elementor-top-column elementor-element elementor-element-3b5f9cc7\" data-id=\"3b5f9cc7\" data-element_type=\"column\" data-e-type=\"column\">\n\t\t\t<div class=\"elementor-widget-wrap elementor-element-populated\">\n\t\t\t\t\t\t<div class=\"elementor-element elementor-element-66777d00 elementor-invisible elementor-widget elementor-widget-heading\" data-id=\"66777d00\" data-element_type=\"widget\" data-e-type=\"widget\" data-settings=\"{&quot;_animation&quot;:&quot;fadeInUp&quot;,&quot;_animation_delay&quot;:200}\" data-widget_type=\"heading.default\">\n\t\t\t\t<div class=\"elementor-widget-container\">\n\t\t\t\t\t<h2 class=\"elementor-heading-title elementor-size-default\">Especialidades en Ropa de Hogar<\/h2>\t\t\t\t<\/div>\n\t\t\t\t<\/div>\n\t\t\t\t<div class=\"elementor-element elementor-element-237ef690 elementor-align-center elementor-mobile-align-justify elementor-widget__width-initial elementor-widget-mobile__width-inherit elementor-invisible elementor-widget elementor-widget-button\" data-id=\"237ef690\" data-element_type=\"widget\" data-e-type=\"widget\" data-settings=\"{&quot;_animation&quot;:&quot;fadeInUp&quot;}\" data-widget_type=\"button.default\">\n\t\t\t\t<div class=\"elementor-widget-container\">\n\t\t\t\t\t\t\t\t\t<div class=\"elementor-button-wrapper\">\n\t\t\t\t\t<a class=\"elementor-button elementor-button-link elementor-size-md elementor-animation-hang\" href=\"https:\/\/wa.me\/34945776613\" target=\"_blank\">\n\t\t\t\t\t\t<span class=\"elementor-button-content-wrapper\">\n\t\t\t\t\t\t\t\t\t<span class=\"elementor-button-text\">Llamanos<\/span>\n\t\t\t\t\t<\/span>\n\t\t\t\t\t<\/a>\n\t\t\t\t<\/div>\n\t\t\t\t\t\t\t\t<\/div>\n\t\t\t\t<\/div>\n\t\t\t\t\t<\/div>\n\t\t<\/div>\n\t\t\t\t\t<\/div>\n\t\t<\/section>\n\t\t<div class=\"elementor-element elementor-element-0d616bb e-flex e-con-boxed e-con e-parent\" data-id=\"0d616bb\" data-element_type=\"container\" data-e-type=\"container\">\n\t\t\t\t\t<div class=\"e-con-inner\">\n\t\t\t\t<div class=\"elementor-element elementor-element-e80eb35 elementor-cta--skin-cover elementor-animated-content elementor-bg-transform elementor-bg-transform-zoom-in elementor-widget elementor-widget-call-to-action\" data-id=\"e80eb35\" data-element_type=\"widget\" data-e-type=\"widget\" data-widget_type=\"call-to-action.default\">\n\t\t\t\t<div class=\"elementor-widget-container\">\n\t\t\t\t\t\t\t<div class=\"elementor-cta\">\n\t\t\t\t\t<div class=\"elementor-cta__bg-wrapper\">\n\t\t\t\t<div class=\"elementor-cta__bg elementor-bg\" style=\"background-image: url(https:\/\/destinohogar.es\/wp-content\/uploads\/2024\/11\/Captura-desde-2024-11-29-17-16-19.png);\" role=\"img\" aria-label=\"\"><\/div>\n\t\t\t\t<div class=\"elementor-cta__bg-overlay\"><\/div>\n\t\t\t<\/div>\n\t\t\t\t\t\t\t<div class=\"elementor-cta__content\">\n\t\t\t\t\n\t\t\t\t\t\t\t\t\t<h2 class=\"elementor-cta__title elementor-cta__content-item elementor-content-item elementor-animated-item--grow\">\n\t\t\t\t\t\tAsesoramiento Personalizado y Venta Directa en Decoraci\u00f3n del Hogar\t\t\t\t\t<\/h2>\n\t\t\t\t\n\t\t\t\t\n\t\t\t\t\t\t\t\t\t<div class=\"elementor-cta__button-wrapper elementor-cta__content-item elementor-content-item elementor-animated-item--grow\">\n\t\t\t\t\t<a class=\"elementor-cta__button elementor-button elementor-size-\" href=\"https:\/\/destinohogar.es\/servicios\/\">\n\t\t\t\t\t\tDescubre nuestros productos\t\t\t\t\t<\/a>\n\t\t\t\t\t<\/div>\n\t\t\t\t\t\t\t<\/div>\n\t\t\t\t\t\t<\/div>\n\t\t\t\t\t\t<\/div>\n\t\t\t\t<\/div>\n\t\t\t\t\t<\/div>\n\t\t\t\t<\/div>\n\t\t\t\t<\/div>\n\t\t","protected":false},"excerpt":{"rendered":"<p>Bienvenidas a Destino Hogar La decoraci\u00f3n textil de tu hogar Historia Rosa Mar\u00eda, la artesana de hogares felices. Desde ni\u00f1a, Rosa Mar\u00eda sinti\u00f3 una profunda conexi\u00f3n con la decoraci\u00f3n y el bienestar del hogar. Su pasi\u00f3n por crear espacios acogedores y llenos de armon\u00eda la llev\u00f3 a explorar el mundo del comercio, siguiendo los pasos [&hellip;]<\/p>\n","protected":false},"author":3,"featured_media":0,"parent":0,"menu_order":0,"comment_status":"closed","ping_status":"closed","template":"elementor_canvas","meta":{"footnotes":""},"class_list":["post-2","page","type-page","status-publish","hentry"],"yoast_head":"<!-- This site is optimized with the Yoast SEO plugin v27.5 - https:\/\/yoast.com\/product\/yoast-seo-wordpress\/ -->\n<title>Inicio - Destino Hogar Vitoria<\/title>\n<meta name=\"robots\" content=\"index, follow, max-snippet:-1, max-image-preview:large, max-video-preview:-1\" \/>\n<link rel=\"canonical\" href=\"https:\/\/destinohogar.es\/eu\/\" \/>\n<meta property=\"og:locale\" content=\"en_US\" \/>\n<meta property=\"og:type\" content=\"article\" \/>\n<meta property=\"og:title\" content=\"Inicio - Destino Hogar Vitoria\" \/>\n<meta property=\"og:description\" content=\"Bienvenidas a Destino Hogar La decoraci\u00f3n textil de tu hogar Historia Rosa Mar\u00eda, la artesana de hogares felices. Desde ni\u00f1a, Rosa Mar\u00eda sinti\u00f3 una profunda conexi\u00f3n con la decoraci\u00f3n y el bienestar del hogar. Su pasi\u00f3n por crear espacios acogedores y llenos de armon\u00eda la llev\u00f3 a explorar el mundo del comercio, siguiendo los pasos [&hellip;]\" \/>\n<meta property=\"og:url\" content=\"https:\/\/destinohogar.es\/eu\/\" \/>\n<meta property=\"og:site_name\" content=\"Destino Hogar Vitoria\" \/>\n<meta property=\"article:modified_time\" content=\"2025-01-21T12:13:40+00:00\" \/>\n<meta property=\"og:image\" content=\"https:\/\/destinohogar.es\/wp-content\/uploads\/2024\/12\/IMG_0054-Rosa-Destinohogar.jpeg\" \/>\n\t<meta property=\"og:image:width\" content=\"1284\" \/>\n\t<meta property=\"og:image:height\" content=\"884\" \/>\n\t<meta property=\"og:image:type\" content=\"image\/jpeg\" \/>\n<meta name=\"twitter:card\" content=\"summary_large_image\" \/>\n<meta name=\"twitter:label1\" content=\"Est. reading time\" \/>\n\t<meta name=\"twitter:data1\" content=\"2 minutua\" \/>\n<script type=\"application\/ld+json\" class=\"yoast-schema-graph\">{\"@context\":\"https:\\\/\\\/schema.org\",\"@graph\":[{\"@type\":\"WebPage\",\"@id\":\"https:\\\/\\\/destinohogar.es\\\/\",\"url\":\"https:\\\/\\\/destinohogar.es\\\/\",\"name\":\"Inicio - Destino Hogar Vitoria\",\"isPartOf\":{\"@id\":\"https:\\\/\\\/destinohogar.es\\\/#website\"},\"primaryImageOfPage\":{\"@id\":\"https:\\\/\\\/destinohogar.es\\\/#primaryimage\"},\"image\":{\"@id\":\"https:\\\/\\\/destinohogar.es\\\/#primaryimage\"},\"thumbnailUrl\":\"https:\\\/\\\/destinohogar.es\\\/wp-content\\\/uploads\\\/2024\\\/12\\\/IMG_0054-Rosa-Destinohogar.jpeg\",\"datePublished\":\"2024-10-09T11:09:29+00:00\",\"dateModified\":\"2025-01-21T12:13:40+00:00\",\"breadcrumb\":{\"@id\":\"https:\\\/\\\/destinohogar.es\\\/#breadcrumb\"},\"inLanguage\":\"eu\",\"potentialAction\":[{\"@type\":\"ReadAction\",\"target\":[\"https:\\\/\\\/destinohogar.es\\\/\"]}]},{\"@type\":\"ImageObject\",\"inLanguage\":\"eu\",\"@id\":\"https:\\\/\\\/destinohogar.es\\\/#primaryimage\",\"url\":\"https:\\\/\\\/destinohogar.es\\\/wp-content\\\/uploads\\\/2024\\\/12\\\/IMG_0054-Rosa-Destinohogar.jpeg\",\"contentUrl\":\"https:\\\/\\\/destinohogar.es\\\/wp-content\\\/uploads\\\/2024\\\/12\\\/IMG_0054-Rosa-Destinohogar.jpeg\"},{\"@type\":\"BreadcrumbList\",\"@id\":\"https:\\\/\\\/destinohogar.es\\\/#breadcrumb\",\"itemListElement\":[{\"@type\":\"ListItem\",\"position\":1,\"name\":\"Portada\",\"item\":\"https:\\\/\\\/destinohogar.es\\\/\"},{\"@type\":\"ListItem\",\"position\":2,\"name\":\"Inicio\"}]},{\"@type\":\"WebSite\",\"@id\":\"https:\\\/\\\/destinohogar.es\\\/#website\",\"url\":\"https:\\\/\\\/destinohogar.es\\\/\",\"name\":\"Destino Hogar Vitoria\",\"description\":\"Decoraci\u00f3n textil\",\"publisher\":{\"@id\":\"https:\\\/\\\/destinohogar.es\\\/#organization\"},\"potentialAction\":[{\"@type\":\"SearchAction\",\"target\":{\"@type\":\"EntryPoint\",\"urlTemplate\":\"https:\\\/\\\/destinohogar.es\\\/?s={search_term_string}\"},\"query-input\":{\"@type\":\"PropertyValueSpecification\",\"valueRequired\":true,\"valueName\":\"search_term_string\"}}],\"inLanguage\":\"eu\"},{\"@type\":\"Organization\",\"@id\":\"https:\\\/\\\/destinohogar.es\\\/#organization\",\"name\":\"Destino Hogar Vitoria\",\"url\":\"https:\\\/\\\/destinohogar.es\\\/\",\"logo\":{\"@type\":\"ImageObject\",\"inLanguage\":\"eu\",\"@id\":\"https:\\\/\\\/destinohogar.es\\\/#\\\/schema\\\/logo\\\/image\\\/\",\"url\":\"https:\\\/\\\/destinohogar.es\\\/wp-content\\\/uploads\\\/2024\\\/11\\\/cropped-Design-sem-nome-2-1-fotor-20241129144353.png\",\"contentUrl\":\"https:\\\/\\\/destinohogar.es\\\/wp-content\\\/uploads\\\/2024\\\/11\\\/cropped-Design-sem-nome-2-1-fotor-20241129144353.png\",\"width\":1023,\"height\":1023,\"caption\":\"Destino Hogar Vitoria\"},\"image\":{\"@id\":\"https:\\\/\\\/destinohogar.es\\\/#\\\/schema\\\/logo\\\/image\\\/\"}}]}<\/script>\n<!-- \/ Yoast SEO plugin. -->","yoast_head_json":{"title":"Inicio - Destino Hogar Vitoria","robots":{"index":"index","follow":"follow","max-snippet":"max-snippet:-1","max-image-preview":"max-image-preview:large","max-video-preview":"max-video-preview:-1"},"canonical":"https:\/\/destinohogar.es\/eu\/","og_locale":"en_US","og_type":"article","og_title":"Inicio - Destino Hogar Vitoria","og_description":"Bienvenidas a Destino Hogar La decoraci\u00f3n textil de tu hogar Historia Rosa Mar\u00eda, la artesana de hogares felices. Desde ni\u00f1a, Rosa Mar\u00eda sinti\u00f3 una profunda conexi\u00f3n con la decoraci\u00f3n y el bienestar del hogar. Su pasi\u00f3n por crear espacios acogedores y llenos de armon\u00eda la llev\u00f3 a explorar el mundo del comercio, siguiendo los pasos [&hellip;]","og_url":"https:\/\/destinohogar.es\/eu\/","og_site_name":"Destino Hogar Vitoria","article_modified_time":"2025-01-21T12:13:40+00:00","og_image":[{"width":1284,"height":884,"url":"https:\/\/destinohogar.es\/wp-content\/uploads\/2024\/12\/IMG_0054-Rosa-Destinohogar.jpeg","type":"image\/jpeg"}],"twitter_card":"summary_large_image","twitter_misc":{"Est. reading time":"2 minutua"},"schema":{"@context":"https:\/\/schema.org","@graph":[{"@type":"WebPage","@id":"https:\/\/destinohogar.es\/","url":"https:\/\/destinohogar.es\/","name":"Inicio - Destino Hogar Vitoria","isPartOf":{"@id":"https:\/\/destinohogar.es\/#website"},"primaryImageOfPage":{"@id":"https:\/\/destinohogar.es\/#primaryimage"},"image":{"@id":"https:\/\/destinohogar.es\/#primaryimage"},"thumbnailUrl":"https:\/\/destinohogar.es\/wp-content\/uploads\/2024\/12\/IMG_0054-Rosa-Destinohogar.jpeg","datePublished":"2024-10-09T11:09:29+00:00","dateModified":"2025-01-21T12:13:40+00:00","breadcrumb":{"@id":"https:\/\/destinohogar.es\/#breadcrumb"},"inLanguage":"eu","potentialAction":[{"@type":"ReadAction","target":["https:\/\/destinohogar.es\/"]}]},{"@type":"ImageObject","inLanguage":"eu","@id":"https:\/\/destinohogar.es\/#primaryimage","url":"https:\/\/destinohogar.es\/wp-content\/uploads\/2024\/12\/IMG_0054-Rosa-Destinohogar.jpeg","contentUrl":"https:\/\/destinohogar.es\/wp-content\/uploads\/2024\/12\/IMG_0054-Rosa-Destinohogar.jpeg"},{"@type":"BreadcrumbList","@id":"https:\/\/destinohogar.es\/#breadcrumb","itemListElement":[{"@type":"ListItem","position":1,"name":"Portada","item":"https:\/\/destinohogar.es\/"},{"@type":"ListItem","position":2,"name":"Inicio"}]},{"@type":"WebSite","@id":"https:\/\/destinohogar.es\/#website","url":"https:\/\/destinohogar.es\/","name":"Destino Hogar Vitoria","description":"Decoraci\u00f3n textil","publisher":{"@id":"https:\/\/destinohogar.es\/#organization"},"potentialAction":[{"@type":"SearchAction","target":{"@type":"EntryPoint","urlTemplate":"https:\/\/destinohogar.es\/?s={search_term_string}"},"query-input":{"@type":"PropertyValueSpecification","valueRequired":true,"valueName":"search_term_string"}}],"inLanguage":"eu"},{"@type":"Organization","@id":"https:\/\/destinohogar.es\/#organization","name":"Destino Hogar Vitoria","url":"https:\/\/destinohogar.es\/","logo":{"@type":"ImageObject","inLanguage":"eu","@id":"https:\/\/destinohogar.es\/#\/schema\/logo\/image\/","url":"https:\/\/destinohogar.es\/wp-content\/uploads\/2024\/11\/cropped-Design-sem-nome-2-1-fotor-20241129144353.png","contentUrl":"https:\/\/destinohogar.es\/wp-content\/uploads\/2024\/11\/cropped-Design-sem-nome-2-1-fotor-20241129144353.png","width":1023,"height":1023,"caption":"Destino Hogar Vitoria"},"image":{"@id":"https:\/\/destinohogar.es\/#\/schema\/logo\/image\/"}}]}},"_links":{"self":[{"href":"https:\/\/destinohogar.es\/eu\/wp-json\/wp\/v2\/pages\/2","targetHints":{"allow":["GET"]}}],"collection":[{"href":"https:\/\/destinohogar.es\/eu\/wp-json\/wp\/v2\/pages"}],"about":[{"href":"https:\/\/destinohogar.es\/eu\/wp-json\/wp\/v2\/types\/page"}],"author":[{"embeddable":true,"href":"https:\/\/destinohogar.es\/eu\/wp-json\/wp\/v2\/users\/3"}],"replies":[{"embeddable":true,"href":"https:\/\/destinohogar.es\/eu\/wp-json\/wp\/v2\/comments?post=2"}],"version-history":[{"count":424,"href":"https:\/\/destinohogar.es\/eu\/wp-json\/wp\/v2\/pages\/2\/revisions"}],"predecessor-version":[{"id":1766,"href":"https:\/\/destinohogar.es\/eu\/wp-json\/wp\/v2\/pages\/2\/revisions\/1766"}],"wp:attachment":[{"href":"https:\/\/destinohogar.es\/eu\/wp-json\/wp\/v2\/media?parent=2"}],"curies":[{"name":"wp","href":"https:\/\/api.w.org\/{rel}","templated":true}]}}